{"id":68,"date":"2020-07-06T08:06:18","date_gmt":"2020-07-06T08:06:18","guid":{"rendered":"https:\/\/gms-perlesreut.de\/?page_id=68"},"modified":"2025-11-09T18:31:03","modified_gmt":"2025-11-09T18:31:03","slug":"eltern","status":"publish","type":"page","link":"https:\/\/gms-perlesreut.de\/?page_id=68","title":{"rendered":"Eltern"},"content":{"rendered":"\n<p><strong>Unser Elternbeirat<\/strong><\/p>\n\n\n\n<p><\/p>\n\n\n\n<figure class=\"wp-block-image size-full\"><img loading=\"lazy\" decoding=\"async\" width=\"961\" height=\"741\" src=\"https:\/\/gms-perlesreut.de\/wp-content\/uploads\/2025\/11\/IMG_7107.jpg\" alt=\"\" class=\"wp-image-3949\" srcset=\"https:\/\/gms-perlesreut.de\/wp-content\/uploads\/2025\/11\/IMG_7107.jpg 961w, https:\/\/gms-perlesreut.de\/wp-content\/uploads\/2025\/11\/IMG_7107-300x231.jpg 300w, https:\/\/gms-perlesreut.de\/wp-content\/uploads\/2025\/11\/IMG_7107-768x592.jpg 768w\" sizes=\"auto, (max-width: 961px) 100vw, 961px\" \/><\/figure>\n\n\n\n<p><\/p>\n\n\n\n<p>(vorne, v.l.): Benjamin Selwitschka (2. Vorsitzender), Martina Eberl, Stefanie Maurer, Lisa Wimmer (Kassenf\u00fchrung), Birgit Schreck (Schriftf\u00fchrerin), Karin Brandl, Josef Lindb\u00fcchl (1. Vorsitzender), (hinten, v.l.): Claudia Lippl, Reinhold Stockinger, Daniela Thoma, Christa Graf, Andrea Gotzmann-Steinhofer, Katrin Bauer<\/p>\n\n\n\n<p><\/p>\n","protected":false},"excerpt":{"rendered":"<p>Unser Elternbeirat (vorne, v.l.): Benjamin Selwitschka (2. Vorsitzender), Martina Eberl, Stefanie Maurer, Lisa Wimmer (Kassenf\u00fchrung), Birgit Schreck (Schriftf\u00fchrerin), Karin Brandl, Josef Lindb\u00fcchl (1. Vorsitzender), (hinten, v.l.): Claudia Lippl, Reinhold Stockinger, [&hellip;]<\/p>\n","protected":false},"author":1,"featured_media":0,"parent":0,"menu_order":0,"comment_status":"closed","ping_status":"closed","template":"","meta":{"footnotes":""},"class_list":["post-68","page","type-page","status-publish","hentry"],"_links":{"self":[{"href":"https:\/\/gms-perlesreut.de\/index.php?rest_route=\/wp\/v2\/pages\/68","targetHints":{"allow":["GET"]}}],"collection":[{"href":"https:\/\/gms-perlesreut.de\/index.php?rest_route=\/wp\/v2\/pages"}],"about":[{"href":"https:\/\/gms-perlesreut.de\/index.php?rest_route=\/wp\/v2\/types\/page"}],"author":[{"embeddable":true,"href":"https:\/\/gms-perlesreut.de\/index.php?rest_route=\/wp\/v2\/users\/1"}],"replies":[{"embeddable":true,"href":"https:\/\/gms-perlesreut.de\/index.php?rest_route=%2Fwp%2Fv2%2Fcomments&post=68"}],"version-history":[{"count":8,"href":"https:\/\/gms-perlesreut.de\/index.php?rest_route=\/wp\/v2\/pages\/68\/revisions"}],"predecessor-version":[{"id":3952,"href":"https:\/\/gms-perlesreut.de\/index.php?rest_route=\/wp\/v2\/pages\/68\/revisions\/3952"}],"wp:attachment":[{"href":"https:\/\/gms-perlesreut.de\/index.php?rest_route=%2Fwp%2Fv2%2Fmedia&parent=68"}],"curies":[{"name":"wp","href":"https:\/\/api.w.org\/{rel}","templated":true}]}}